{"id":205,"date":"2024-08-13T17:43:15","date_gmt":"2024-08-13T15:43:15","guid":{"rendered":"https:\/\/www.uctovnictvoildi.sk\/?page_id=205"},"modified":"2024-08-13T17:44:45","modified_gmt":"2024-08-13T15:44:45","slug":"cookies","status":"publish","type":"page","link":"https:\/\/www.uctovnictvoildi.sk\/?page_id=205","title":{"rendered":"Cookies"},"content":{"rendered":"<p>[et_pb_section fb_built=&#8220;1&#8243; custom_padding_last_edited=&#8220;on|tablet&#8220; admin_label=&#8220;Header&#8220; _builder_version=&#8220;4.9.10&#8243; _module_preset=&#8220;default&#8220; background_color=&#8220;rgba(6,55,101,0.93)&#8220; background_image=&#8220;https:\/\/www.uctovnictvoildi.sk\/wp-content\/uploads\/2021\/08\/pexels-anna-nekrashevich-6801648-1.jpg&#8220; background_blend=&#8220;multiply&#8220; custom_margin=&#8220;||||false|false&#8220; custom_padding=&#8220;80px||0px||false|false&#8220; custom_padding_tablet=&#8220;20px||0px||false|false&#8220; custom_padding_phone=&#8220;8vw||25vw||false|false&#8220;][et_pb_row use_custom_gutter=&#8220;on&#8220; gutter_width=&#8220;1&#8243; make_equal=&#8220;on&#8220; _builder_version=&#8220;4.9.10&#8243; _module_preset=&#8220;default&#8220; custom_margin=&#8220;||||false|false&#8220; custom_css_main_element=&#8220;overflow: visible !important&#8220;][et_pb_column type=&#8220;4_4&#8243; _builder_version=&#8220;4.9.10&#8243; _module_preset=&#8220;default&#8220; custom_padding=&#8220;|40px|120px||false|false&#8220; custom_padding_tablet=&#8220;|0px|40px||false|false&#8220; custom_padding_phone=&#8220;||0px||false|false&#8220; custom_padding_last_edited=&#8220;on|tablet&#8220; border_color_all=&#8220;rgba(255,255,255,0.2)&#8220; border_width_left=&#8220;1px&#8220;][et_pb_text _builder_version=&#8220;4.9.10&#8243; _module_preset=&#8220;default&#8220; header_font=&#8220;Poppins|700|||||||&#8220; header_font_size=&#8220;60px&#8220; header_line_height=&#8220;1.4em&#8220; background_layout=&#8220;dark&#8220; custom_margin=&#8220;||5px||false|false&#8220; header_font_size_tablet=&#8220;48px&#8220; header_font_size_phone=&#8220;32px&#8220; header_font_size_last_edited=&#8220;on|phone&#8220; header_line_height_tablet=&#8220;&#8220; header_line_height_phone=&#8220;1.4em&#8220; header_line_height_last_edited=&#8220;on|phone&#8220;]<\/p>\n<h1>COOKIES<\/h1>\n<p>[\/et_pb_text][\/et_pb_column][\/et_pb_row][\/et_pb_section][et_pb_section fb_built=&#8220;1&#8243; module_id=&#8220;onas&#8220; _builder_version=&#8220;4.9.10&#8243; _module_preset=&#8220;default&#8220; background_color=&#8220;rgba(0,49,73,0.05)&#8220;][et_pb_row _builder_version=&#8220;4.9.10&#8243; _module_preset=&#8220;default&#8220;][et_pb_column type=&#8220;4_4&#8243; _builder_version=&#8220;4.9.10&#8243; _module_preset=&#8220;default&#8220;][et_pb_text _builder_version=&#8220;4.9.10&#8243; _module_preset=&#8220;default&#8220; text_font=&#8220;Poppins|300|||||||&#8220; text_font_size=&#8220;16px&#8220; text_line_height=&#8220;2em&#8220; header_2_font=&#8220;Poppins||||||||&#8220; text_orientation=&#8220;center&#8220; hover_enabled=&#8220;0&#8243; text_font_size_tablet=&#8220;&#8220; text_font_size_phone=&#8220;14px&#8220; text_font_size_last_edited=&#8220;on|phone&#8220; sticky_enabled=&#8220;0&#8243;]<\/p>\n<div class=\"panel-body hidden-body text-body \">\n<p><span>Technick\u00e9 s\u00fabory cookie \u2013 Tieto s\u00fabory cookie s\u00fa nevyhnutn\u00e9 pre spr\u00e1vne fungovanie niektor\u00fdch oblast\u00ed Webov\u00e9 Str\u00e1nky. Do tejto kateg\u00f3rie patria rela\u010dn\u00e9 aj trval\u00e9 s\u00fabory cookie. Bez t\u00fdchto s\u00faborov cookie by na\u0161e webov\u00e9 str\u00e1nky nefungovali spr\u00e1vne, pr\u00edpadne v\u00f4bec. Preto sa tieto s\u00fabory cookie pou\u017e\u00edvaj\u00fa v\u017edy, bez oh\u013eadu na u\u017e\u00edvate\u013esk\u00e9 predvo\u013eby. S\u00fabory cookie v tejto kateg\u00f3rii s\u00fa v\u017edy nastaven\u00e9 na\u0161imi webov\u00fdmi str\u00e1nkami, a nie dom\u00e9nami tret\u00edch str\u00e1n.<\/span><\/p>\n<p>&nbsp;<\/p>\n<p>Analytick\u00e9 s\u00fabory cookie \u2013 Tieto s\u00fabory cookie sl\u00fa\u017ei na zhroma\u017e\u010fovanie inform\u00e1ci\u00ed o va\u0161om sp\u00f4sobe pou\u017e\u00edvania na\u0161ich webov\u00fdch str\u00e1nok. S\u00fabory cookie anonymne zhroma\u017e\u010fuj\u00fa inform\u00e1cie o va\u0161ej \u010dinnosti na webovej str\u00e1nke, o tom, odkia\u013e ste na na\u0161u webov\u00fa str\u00e1nku pri\u0161li, a o str\u00e1nkach, ktor\u00e9 ste nav\u0161t\u00edvili. S\u00fabory cookie v tejto kateg\u00f3rii m\u00f4\u017eu by\u0165 nastaven\u00e9 na\u0161imi webov\u00fdmi str\u00e1nkami alebo dom\u00e9nami tret\u00edch str\u00e1n.<\/p>\n<p>S\u00fabory cookie sledovania tret\u00edch str\u00e1n \u2013 Tieto s\u00fabory cookie sl\u00fa\u017eia na zhroma\u017e\u010fovanie inform\u00e1ci\u00ed o tom, ako vyu\u017e\u00edvate na\u0161e webov\u00e9 str\u00e1nky, ak\u00e9 k\u013e\u00fa\u010dov\u00e9 slov\u00e1 v\u00e1s na na\u0161e str\u00e1nky priviedla a ktor\u00e9 webov\u00e9 str\u00e1nky ste nav\u0161t\u00edvili, a tie\u017e o sp\u00f4sobe, ak\u00fdm ste sa na na\u0161e str\u00e1nky dostali . Tieto s\u00fabory cookie m\u00f4\u017eu by\u0165 nastaven\u00e9 na\u0161imi webov\u00fdmi str\u00e1nkami alebo dom\u00e9nami tret\u00edch str\u00e1n.<\/p>\n<p>Cookies tret\u00edch str\u00e1n Google Analytics: www.google.com\/analytics\/learn\/privacy.html<\/p>\n<\/div>\n<p>[\/et_pb_text][\/et_pb_column][\/et_pb_row][\/et_pb_section][et_pb_section fb_built=&#8220;1&#8243; admin_label=&#8220;Footer&#8220; module_id=&#8220;kontakt&#8220; _builder_version=&#8220;4.9.10&#8243; _module_preset=&#8220;default&#8220; background_color=&#8220;#001b34&#8243; custom_padding=&#8220;||40px|||&#8220;][et_pb_row column_structure=&#8220;2_5,3_5&#8243; _builder_version=&#8220;4.5.7&#8243; _module_preset=&#8220;default&#8220;][et_pb_column type=&#8220;2_5&#8243; _builder_version=&#8220;4.5.7&#8243; _module_preset=&#8220;default&#8220;][et_pb_blurb title=&#8220;Messenger&#8220; use_icon=&#8220;on&#8220; font_icon=&#8220;%%291%%&#8220; icon_color=&#8220;#e9bf96&#8243; icon_placement=&#8220;left&#8220; content_max_width=&#8220;1100px&#8220; use_icon_font_size=&#8220;on&#8220; icon_font_size=&#8220;16px&#8220; disabled_on=&#8220;on|on|off&#8220; _builder_version=&#8220;4.9.10&#8243; _module_preset=&#8220;default&#8220; header_font=&#8220;Poppins|600|||||||&#8220; header_font_size=&#8220;18px&#8220; header_line_height=&#8220;1.2em&#8220; body_font=&#8220;Poppins|300|||||||&#8220; body_text_color=&#8220;rgba(255,255,255,0.7)&#8220; body_font_size=&#8220;16px&#8220; body_line_height=&#8220;1.8em&#8220; background_layout=&#8220;dark&#8220; animation=&#8220;off&#8220; header_font_size_tablet=&#8220;20px&#8220; header_font_size_phone=&#8220;18px&#8220; header_font_size_last_edited=&#8220;on|tablet&#8220; header_line_height_tablet=&#8220;1.2em&#8220; header_line_height_phone=&#8220;&#8220; header_line_height_last_edited=&#8220;on|phone&#8220; body_font_size_tablet=&#8220;&#8220; body_font_size_phone=&#8220;14px&#8220; body_font_size_last_edited=&#8220;on|phone&#8220;]<\/p>\n<p><a href=\"https:\/\/www.facebook.com\/ildiko.bartalos.5\"><span>Ildik\u00f3 Bartalos\u00a0<\/span><\/a><\/p>\n<p>[\/et_pb_blurb][et_pb_blurb title=&#8220;Telefon&#8220; use_icon=&#8220;on&#8220; font_icon=&#8220;%%104%%&#8220; icon_color=&#8220;#e9bf96&#8243; icon_placement=&#8220;left&#8220; content_max_width=&#8220;1100px&#8220; use_icon_font_size=&#8220;on&#8220; icon_font_size=&#8220;16px&#8220; disabled_on=&#8220;on|on|off&#8220; _builder_version=&#8220;4.9.10&#8243; _module_preset=&#8220;default&#8220; header_font=&#8220;Poppins|600|||||||&#8220; header_font_size=&#8220;18px&#8220; header_line_height=&#8220;1.2em&#8220; body_font=&#8220;Poppins|300|||||||&#8220; body_text_color=&#8220;rgba(255,255,255,0.7)&#8220; body_font_size=&#8220;16px&#8220; body_line_height=&#8220;1.8em&#8220; background_layout=&#8220;dark&#8220; animation=&#8220;off&#8220; header_font_size_tablet=&#8220;20px&#8220; header_font_size_phone=&#8220;18px&#8220; header_font_size_last_edited=&#8220;on|tablet&#8220; header_line_height_tablet=&#8220;1.2em&#8220; header_line_height_phone=&#8220;&#8220; header_line_height_last_edited=&#8220;on|phone&#8220; body_font_size_tablet=&#8220;&#8220; body_font_size_phone=&#8220;14px&#8220; body_font_size_last_edited=&#8220;on|phone&#8220;]<\/p>\n<p><span>+421 917 451 349<\/span><\/p>\n<p>[\/et_pb_blurb][et_pb_blurb title=&#8220;Telefon&#8220; use_icon=&#8220;on&#8220; font_icon=&#8220;%%104%%&#8220; icon_color=&#8220;#e9bf96&#8243; icon_placement=&#8220;left&#8220; content_max_width=&#8220;1100px&#8220; use_icon_font_size=&#8220;on&#8220; icon_font_size=&#8220;16px&#8220; disabled_on=&#8220;off|off|on&#8220; _builder_version=&#8220;4.9.10&#8243; _module_preset=&#8220;default&#8220; header_font=&#8220;Poppins|600|||||||&#8220; header_font_size=&#8220;18px&#8220; header_line_height=&#8220;1.2em&#8220; body_font=&#8220;Poppins|300|||||||&#8220; body_text_color=&#8220;rgba(255,255,255,0.7)&#8220; body_font_size=&#8220;16px&#8220; body_line_height=&#8220;1.8em&#8220; body_link_text_color=&#8220;#FFFFFF&#8220; background_layout=&#8220;dark&#8220; animation=&#8220;off&#8220; header_font_size_tablet=&#8220;20px&#8220; header_font_size_phone=&#8220;18px&#8220; header_font_size_last_edited=&#8220;on|tablet&#8220; header_line_height_tablet=&#8220;1.2em&#8220; header_line_height_phone=&#8220;&#8220; header_line_height_last_edited=&#8220;on|phone&#8220; body_font_size_tablet=&#8220;&#8220; body_font_size_phone=&#8220;14px&#8220; body_font_size_last_edited=&#8220;on|phone&#8220;]<\/p>\n<p><a href=\"tel:+421917451349\"><span>+421 917 451 349<\/span><\/a><\/p>\n<p>[\/et_pb_blurb][et_pb_blurb title=&#8220;Skype&#8220; use_icon=&#8220;on&#8220; font_icon=&#8220;%%306%%&#8220; icon_color=&#8220;#e9bf96&#8243; icon_placement=&#8220;left&#8220; content_max_width=&#8220;1100px&#8220; use_icon_font_size=&#8220;on&#8220; icon_font_size=&#8220;16px&#8220; _builder_version=&#8220;4.9.10&#8243; _module_preset=&#8220;default&#8220; header_font=&#8220;Poppins|600|||||||&#8220; header_font_size=&#8220;18px&#8220; header_line_height=&#8220;1.2em&#8220; body_font=&#8220;Poppins|300|||||||&#8220; body_text_color=&#8220;rgba(255,255,255,0.7)&#8220; body_font_size=&#8220;16px&#8220; body_line_height=&#8220;1.8em&#8220; background_layout=&#8220;dark&#8220; animation=&#8220;off&#8220; header_font_size_tablet=&#8220;20px&#8220; header_font_size_phone=&#8220;18px&#8220; header_font_size_last_edited=&#8220;on|tablet&#8220; header_line_height_tablet=&#8220;1.2em&#8220; header_line_height_phone=&#8220;&#8220; header_line_height_last_edited=&#8220;on|phone&#8220; body_font_size_tablet=&#8220;&#8220; body_font_size_phone=&#8220;14px&#8220; body_font_size_last_edited=&#8220;on|phone&#8220;]<\/p>\n<p><span>Ildik\u00f3 Bartalos\u00a0<\/span><\/p>\n<p>[\/et_pb_blurb][et_pb_blurb title=&#8220;Email&#8220; use_icon=&#8220;on&#8220; font_icon=&#8220;%%109%%&#8220; icon_color=&#8220;#e9bf96&#8243; icon_placement=&#8220;left&#8220; content_max_width=&#8220;1100px&#8220; use_icon_font_size=&#8220;on&#8220; icon_font_size=&#8220;16px&#8220; _builder_version=&#8220;4.9.10&#8243; _module_preset=&#8220;default&#8220; header_font=&#8220;Poppins|600|||||||&#8220; header_font_size=&#8220;18px&#8220; header_line_height=&#8220;1.2em&#8220; body_font=&#8220;Poppins|300|||||||&#8220; body_text_color=&#8220;rgba(255,255,255,0.7)&#8220; body_font_size=&#8220;16px&#8220; body_line_height=&#8220;1.8em&#8220; background_layout=&#8220;dark&#8220; animation=&#8220;off&#8220; header_font_size_tablet=&#8220;20px&#8220; header_font_size_phone=&#8220;18px&#8220; header_font_size_last_edited=&#8220;on|tablet&#8220; header_line_height_tablet=&#8220;1.2em&#8220; header_line_height_phone=&#8220;&#8220; header_line_height_last_edited=&#8220;on|phone&#8220; body_font_size_tablet=&#8220;&#8220; body_font_size_phone=&#8220;14px&#8220; body_font_size_last_edited=&#8220;on|phone&#8220;]<\/p>\n<p>bartalosova.ildiko@gmail.com<\/p>\n<p>[\/et_pb_blurb][\/et_pb_column][et_pb_column type=&#8220;3_5&#8243; _builder_version=&#8220;4.5.7&#8243; _module_preset=&#8220;default&#8220;][et_pb_contact_form captcha=&#8220;off&#8220; email=&#8220;bartalosova.ildiko@gmail.com&#8220; title=&#8220;Kontakt&#8220; submit_button_text=&#8220;Odosla\u0165&#8220; _builder_version=&#8220;4.9.10&#8243; _module_preset=&#8220;default&#8220; form_field_background_color=&#8220;rgba(0,0,0,0)&#8220; form_field_text_color=&#8220;rgba(255,255,255,0.5)&#8220; title_font=&#8220;Poppins|700|||||||&#8220; title_text_color=&#8220;#ffffff&#8220; title_font_size=&#8220;48px&#8220; title_line_height=&#8220;1.2em&#8220; form_field_font=&#8220;Poppins||||||||&#8220; form_field_font_size=&#8220;15px&#8220; form_field_line_height=&#8220;1.8em&#8220; custom_button=&#8220;on&#8220; button_text_size=&#8220;16px&#8220; button_text_color=&#8220;#2a2a2a&#8220; button_bg_color=&#8220;#ffffff&#8220; button_border_color=&#8220;rgba(0,0,0,0)&#8220; button_border_radius=&#8220;0px&#8220; button_letter_spacing=&#8220;2px&#8220; button_font=&#8220;|700||on|||||&#8220; button_icon=&#8220;%%20%%&#8220; button_custom_margin=&#8220;20px||||false|false&#8220; button_custom_padding=&#8220;12px|40px|12px|40px|true|true&#8220; title_font_size_tablet=&#8220;30px&#8220; title_font_size_phone=&#8220;24px&#8220; title_font_size_last_edited=&#8220;on|phone&#8220; title_line_height_tablet=&#8220;1.4em&#8220; title_line_height_phone=&#8220;1.5em&#8220; title_line_height_last_edited=&#8220;on|phone&#8220; border_color_all=&#8220;rgba(255,255,255,0.2)&#8220; border_width_bottom=&#8220;1px&#8220;][et_pb_contact_field field_id=&#8220;Name&#8220; field_title=&#8220;Meno&#8220; _builder_version=&#8220;4.9.10&#8243; button_text_size__hover_enabled=&#8220;off&#8220; button_one_text_size__hover_enabled=&#8220;off&#8220; button_two_text_size__hover_enabled=&#8220;off&#8220; button_text_color__hover_enabled=&#8220;off&#8220; button_one_text_color__hover_enabled=&#8220;off&#8220; button_two_text_color__hover_enabled=&#8220;off&#8220; button_border_width__hover_enabled=&#8220;off&#8220; button_one_border_width__hover_enabled=&#8220;off&#8220; button_two_border_width__hover_enabled=&#8220;off&#8220; button_border_color__hover_enabled=&#8220;off&#8220; button_one_border_color__hover_enabled=&#8220;off&#8220; button_two_border_color__hover_enabled=&#8220;off&#8220; button_border_radius__hover_enabled=&#8220;off&#8220; button_one_border_radius__hover_enabled=&#8220;off&#8220; button_two_border_radius__hover_enabled=&#8220;off&#8220; button_letter_spacing__hover_enabled=&#8220;off&#8220; button_one_letter_spacing__hover_enabled=&#8220;off&#8220; button_two_letter_spacing__hover_enabled=&#8220;off&#8220; button_bg_color__hover_enabled=&#8220;off&#8220; button_one_bg_color__hover_enabled=&#8220;off&#8220; button_two_bg_color__hover_enabled=&#8220;off&#8220;][\/et_pb_contact_field][et_pb_contact_field field_id=&#8220;Email&#8220; field_title=&#8220;Email&#8220; field_type=&#8220;email&#8220; _builder_version=&#8220;4.9.10&#8243; button_text_size__hover_enabled=&#8220;off&#8220; button_one_text_size__hover_enabled=&#8220;off&#8220; button_two_text_size__hover_enabled=&#8220;off&#8220; button_text_color__hover_enabled=&#8220;off&#8220; button_one_text_color__hover_enabled=&#8220;off&#8220; button_two_text_color__hover_enabled=&#8220;off&#8220; button_border_width__hover_enabled=&#8220;off&#8220; button_one_border_width__hover_enabled=&#8220;off&#8220; button_two_border_width__hover_enabled=&#8220;off&#8220; button_border_color__hover_enabled=&#8220;off&#8220; button_one_border_color__hover_enabled=&#8220;off&#8220; button_two_border_color__hover_enabled=&#8220;off&#8220; button_border_radius__hover_enabled=&#8220;off&#8220; button_one_border_radius__hover_enabled=&#8220;off&#8220; button_two_border_radius__hover_enabled=&#8220;off&#8220; button_letter_spacing__hover_enabled=&#8220;off&#8220; button_one_letter_spacing__hover_enabled=&#8220;off&#8220; button_two_letter_spacing__hover_enabled=&#8220;off&#8220; button_bg_color__hover_enabled=&#8220;off&#8220; button_one_bg_color__hover_enabled=&#8220;off&#8220; button_two_bg_color__hover_enabled=&#8220;off&#8220;][\/et_pb_contact_field][et_pb_contact_field field_id=&#8220;Message&#8220; field_title=&#8220;Spr\u00e1va&#8220; field_type=&#8220;text&#8220; fullwidth_field=&#8220;on&#8220; _builder_version=&#8220;4.9.10&#8243; button_text_size__hover_enabled=&#8220;off&#8220; button_one_text_size__hover_enabled=&#8220;off&#8220; button_two_text_size__hover_enabled=&#8220;off&#8220; button_text_color__hover_enabled=&#8220;off&#8220; button_one_text_color__hover_enabled=&#8220;off&#8220; button_two_text_color__hover_enabled=&#8220;off&#8220; button_border_width__hover_enabled=&#8220;off&#8220; button_one_border_width__hover_enabled=&#8220;off&#8220; button_two_border_width__hover_enabled=&#8220;off&#8220; button_border_color__hover_enabled=&#8220;off&#8220; button_one_border_color__hover_enabled=&#8220;off&#8220; button_two_border_color__hover_enabled=&#8220;off&#8220; button_border_radius__hover_enabled=&#8220;off&#8220; button_one_border_radius__hover_enabled=&#8220;off&#8220; button_two_border_radius__hover_enabled=&#8220;off&#8220; button_letter_spacing__hover_enabled=&#8220;off&#8220; button_one_letter_spacing__hover_enabled=&#8220;off&#8220; button_two_letter_spacing__hover_enabled=&#8220;off&#8220; button_bg_color__hover_enabled=&#8220;off&#8220; button_one_bg_color__hover_enabled=&#8220;off&#8220; button_two_bg_color__hover_enabled=&#8220;off&#8220;][\/et_pb_contact_field][\/et_pb_contact_form][\/et_pb_column][\/et_pb_row][et_pb_row _builder_version=&#8220;4.9.10&#8243; _module_preset=&#8220;default&#8220; custom_margin=&#8220;||0px||false|false&#8220; custom_padding=&#8220;0px||0px||true|false&#8220;][et_pb_column type=&#8220;4_4&#8243; _builder_version=&#8220;4.9.10&#8243; _module_preset=&#8220;default&#8220;][et_pb_text _builder_version=&#8220;4.9.10&#8243; _module_preset=&#8220;default&#8220; text_font=&#8220;Poppins|300|||||||&#8220; text_text_color=&#8220;rgba(255,255,255,0.54)&#8220; header_2_font=&#8220;Poppins||||||||&#8220; text_orientation=&#8220;center&#8220; text_font_size_tablet=&#8220;&#8220; text_font_size_phone=&#8220;14px&#8220; text_font_size_last_edited=&#8220;on|phone&#8220;]<\/p>\n<p>I\u010cO: 46586156, DI\u010c: 1026200285<br \/>Ob\u00da-DS, \u010d.\u017eivn.reg.: 210-29287<\/p>\n<p>[\/et_pb_text][\/et_pb_column][\/et_pb_row][\/et_pb_section]<\/p>\n","protected":false},"excerpt":{"rendered":"<p>COOKIES Technick\u00e9 s\u00fabory cookie \u2013 Tieto s\u00fabory cookie s\u00fa nevyhnutn\u00e9 pre spr\u00e1vne fungovanie niektor\u00fdch oblast\u00ed Webov\u00e9 Str\u00e1nky. Do tejto kateg\u00f3rie patria rela\u010dn\u00e9 aj trval\u00e9 s\u00fabory cookie. Bez t\u00fdchto s\u00faborov cookie by na\u0161e webov\u00e9 str\u00e1nky nefungovali spr\u00e1vne, pr\u00edpadne v\u00f4bec. Preto sa tieto s\u00fabory cookie pou\u017e\u00edvaj\u00fa v\u017edy, bez oh\u013eadu na u\u017e\u00edvate\u013esk\u00e9 predvo\u013eby. S\u00fabory cookie v tejto kateg\u00f3rii [&hellip;]<\/p>\n","protected":false},"author":2,"featured_media":0,"parent":0,"menu_order":0,"comment_status":"closed","ping_status":"closed","template":"","meta":{"_et_pb_use_builder":"on","_et_pb_old_content":"","_et_gb_content_width":"","footnotes":""},"class_list":["post-205","page","type-page","status-publish","hentry"],"yoast_head":"<!-- This site is optimized with the Yoast SEO plugin v24.4 - https:\/\/yoast.com\/wordpress\/plugins\/seo\/ -->\n<title>Cookies - \u00da\u010dtovn\u00edctvo ILDI<\/title>\n<meta name=\"robots\" content=\"index, follow, max-snippet:-1, max-image-preview:large, max-video-preview:-1\" \/>\n<link rel=\"canonical\" href=\"https:\/\/www.uctovnictvoildi.sk\/?page_id=205\" \/>\n<meta property=\"og:locale\" content=\"sk_SK\" \/>\n<meta property=\"og:type\" content=\"article\" \/>\n<meta property=\"og:title\" content=\"Cookies - \u00da\u010dtovn\u00edctvo ILDI\" \/>\n<meta property=\"og:description\" content=\"COOKIES Technick\u00e9 s\u00fabory cookie \u2013 Tieto s\u00fabory cookie s\u00fa nevyhnutn\u00e9 pre spr\u00e1vne fungovanie niektor\u00fdch oblast\u00ed Webov\u00e9 Str\u00e1nky. Do tejto kateg\u00f3rie patria rela\u010dn\u00e9 aj trval\u00e9 s\u00fabory cookie. Bez t\u00fdchto s\u00faborov cookie by na\u0161e webov\u00e9 str\u00e1nky nefungovali spr\u00e1vne, pr\u00edpadne v\u00f4bec. Preto sa tieto s\u00fabory cookie pou\u017e\u00edvaj\u00fa v\u017edy, bez oh\u013eadu na u\u017e\u00edvate\u013esk\u00e9 predvo\u013eby. S\u00fabory cookie v tejto kateg\u00f3rii [&hellip;]\" \/>\n<meta property=\"og:url\" content=\"https:\/\/www.uctovnictvoildi.sk\/?page_id=205\" \/>\n<meta property=\"og:site_name\" content=\"\u00da\u010dtovn\u00edctvo ILDI\" \/>\n<meta property=\"article:modified_time\" content=\"2024-08-13T15:44:45+00:00\" \/>\n<meta name=\"twitter:card\" content=\"summary_large_image\" \/>\n<script type=\"application\/ld+json\" class=\"yoast-schema-graph\">{\"@context\":\"https:\/\/schema.org\",\"@graph\":[{\"@type\":\"WebPage\",\"@id\":\"https:\/\/www.uctovnictvoildi.sk\/?page_id=205\",\"url\":\"https:\/\/www.uctovnictvoildi.sk\/?page_id=205\",\"name\":\"Cookies - \u00da\u010dtovn\u00edctvo ILDI\",\"isPartOf\":{\"@id\":\"https:\/\/www.uctovnictvoildi.sk\/#website\"},\"datePublished\":\"2024-08-13T15:43:15+00:00\",\"dateModified\":\"2024-08-13T15:44:45+00:00\",\"breadcrumb\":{\"@id\":\"https:\/\/www.uctovnictvoildi.sk\/?page_id=205#breadcrumb\"},\"inLanguage\":\"sk-SK\",\"potentialAction\":[{\"@type\":\"ReadAction\",\"target\":[\"https:\/\/www.uctovnictvoildi.sk\/?page_id=205\"]}]},{\"@type\":\"BreadcrumbList\",\"@id\":\"https:\/\/www.uctovnictvoildi.sk\/?page_id=205#breadcrumb\",\"itemListElement\":[{\"@type\":\"ListItem\",\"position\":1,\"name\":\"Domovsk\u00e1 str\u00e1nka\",\"item\":\"https:\/\/www.uctovnictvoildi.sk\/\"},{\"@type\":\"ListItem\",\"position\":2,\"name\":\"Cookies\"}]},{\"@type\":\"WebSite\",\"@id\":\"https:\/\/www.uctovnictvoildi.sk\/#website\",\"url\":\"https:\/\/www.uctovnictvoildi.sk\/\",\"name\":\"\u00da\u010dtovn\u00edctvo ILDI\",\"description\":\"Len \u010fal\u0161ia WordPress str\u00e1nka\",\"potentialAction\":[{\"@type\":\"SearchAction\",\"target\":{\"@type\":\"EntryPoint\",\"urlTemplate\":\"https:\/\/www.uctovnictvoildi.sk\/?s={search_term_string}\"},\"query-input\":{\"@type\":\"PropertyValueSpecification\",\"valueRequired\":true,\"valueName\":\"search_term_string\"}}],\"inLanguage\":\"sk-SK\"}]}<\/script>\n<!-- \/ Yoast SEO plugin. -->","yoast_head_json":{"title":"Cookies - \u00da\u010dtovn\u00edctvo ILDI","robots":{"index":"index","follow":"follow","max-snippet":"max-snippet:-1","max-image-preview":"max-image-preview:large","max-video-preview":"max-video-preview:-1"},"canonical":"https:\/\/www.uctovnictvoildi.sk\/?page_id=205","og_locale":"sk_SK","og_type":"article","og_title":"Cookies - \u00da\u010dtovn\u00edctvo ILDI","og_description":"COOKIES Technick\u00e9 s\u00fabory cookie \u2013 Tieto s\u00fabory cookie s\u00fa nevyhnutn\u00e9 pre spr\u00e1vne fungovanie niektor\u00fdch oblast\u00ed Webov\u00e9 Str\u00e1nky. Do tejto kateg\u00f3rie patria rela\u010dn\u00e9 aj trval\u00e9 s\u00fabory cookie. Bez t\u00fdchto s\u00faborov cookie by na\u0161e webov\u00e9 str\u00e1nky nefungovali spr\u00e1vne, pr\u00edpadne v\u00f4bec. Preto sa tieto s\u00fabory cookie pou\u017e\u00edvaj\u00fa v\u017edy, bez oh\u013eadu na u\u017e\u00edvate\u013esk\u00e9 predvo\u013eby. S\u00fabory cookie v tejto kateg\u00f3rii [&hellip;]","og_url":"https:\/\/www.uctovnictvoildi.sk\/?page_id=205","og_site_name":"\u00da\u010dtovn\u00edctvo ILDI","article_modified_time":"2024-08-13T15:44:45+00:00","twitter_card":"summary_large_image","schema":{"@context":"https:\/\/schema.org","@graph":[{"@type":"WebPage","@id":"https:\/\/www.uctovnictvoildi.sk\/?page_id=205","url":"https:\/\/www.uctovnictvoildi.sk\/?page_id=205","name":"Cookies - \u00da\u010dtovn\u00edctvo ILDI","isPartOf":{"@id":"https:\/\/www.uctovnictvoildi.sk\/#website"},"datePublished":"2024-08-13T15:43:15+00:00","dateModified":"2024-08-13T15:44:45+00:00","breadcrumb":{"@id":"https:\/\/www.uctovnictvoildi.sk\/?page_id=205#breadcrumb"},"inLanguage":"sk-SK","potentialAction":[{"@type":"ReadAction","target":["https:\/\/www.uctovnictvoildi.sk\/?page_id=205"]}]},{"@type":"BreadcrumbList","@id":"https:\/\/www.uctovnictvoildi.sk\/?page_id=205#breadcrumb","itemListElement":[{"@type":"ListItem","position":1,"name":"Domovsk\u00e1 str\u00e1nka","item":"https:\/\/www.uctovnictvoildi.sk\/"},{"@type":"ListItem","position":2,"name":"Cookies"}]},{"@type":"WebSite","@id":"https:\/\/www.uctovnictvoildi.sk\/#website","url":"https:\/\/www.uctovnictvoildi.sk\/","name":"\u00da\u010dtovn\u00edctvo ILDI","description":"Len \u010fal\u0161ia WordPress str\u00e1nka","potentialAction":[{"@type":"SearchAction","target":{"@type":"EntryPoint","urlTemplate":"https:\/\/www.uctovnictvoildi.sk\/?s={search_term_string}"},"query-input":{"@type":"PropertyValueSpecification","valueRequired":true,"valueName":"search_term_string"}}],"inLanguage":"sk-SK"}]}},"_links":{"self":[{"href":"https:\/\/www.uctovnictvoildi.sk\/index.php?rest_route=\/wp\/v2\/pages\/205","targetHints":{"allow":["GET"]}}],"collection":[{"href":"https:\/\/www.uctovnictvoildi.sk\/index.php?rest_route=\/wp\/v2\/pages"}],"about":[{"href":"https:\/\/www.uctovnictvoildi.sk\/index.php?rest_route=\/wp\/v2\/types\/page"}],"author":[{"embeddable":true,"href":"https:\/\/www.uctovnictvoildi.sk\/index.php?rest_route=\/wp\/v2\/users\/2"}],"replies":[{"embeddable":true,"href":"https:\/\/www.uctovnictvoildi.sk\/index.php?rest_route=%2Fwp%2Fv2%2Fcomments&post=205"}],"version-history":[{"count":3,"href":"https:\/\/www.uctovnictvoildi.sk\/index.php?rest_route=\/wp\/v2\/pages\/205\/revisions"}],"predecessor-version":[{"id":209,"href":"https:\/\/www.uctovnictvoildi.sk\/index.php?rest_route=\/wp\/v2\/pages\/205\/revisions\/209"}],"wp:attachment":[{"href":"https:\/\/www.uctovnictvoildi.sk\/index.php?rest_route=%2Fwp%2Fv2%2Fmedia&parent=205"}],"curies":[{"name":"wp","href":"https:\/\/api.w.org\/{rel}","templated":true}]}}